{"id":9772,"date":"2025-09-01T14:03:57","date_gmt":"2025-09-01T11:03:57","guid":{"rendered":"https:\/\/delarose.ee\/?post_type=product&#038;p=9772"},"modified":"2025-12-25T17:32:55","modified_gmt":"2025-12-25T15:32:55","slug":"puhkusekott-paula","status":"publish","type":"product","link":"https:\/\/delarose.ee\/en\/toode\/puhkusekott-paula\/","title":{"rendered":"Weekender Paula"},"content":{"rendered":"<p>Weekender Paula:<\/p>\n<ul>\n<li>You can choose fabric, what you like, please e-mail to us and let us know<\/li>\n<li>perfect companion for spontaneous getaways, short\u00a0 business trios, or stylish city breaks<\/li>\n<li>One compartment inside<\/li>\n<li>Comfortable shoulder strap<\/li>\n<li>Water resistant<\/li>\n<li>Zipper and open pockets inside and outside<\/li>\n<li>Zipper closure<\/li>\n<\/ul>\n<p>Maintenance- for colourful fabric please use suitable furniture cleaning liquid, for artificial leather you can use disgwashing liquid and soft sponge<\/p>\n<p><span data-sheets-value=\"{&quot;1&quot;:2,&quot;2&quot;:&quot;M\u00f5\u00f5dud: L37 x K26 x S7 cm&quot;}\" data-sheets-userformat=\"{&quot;2&quot;:513,&quot;3&quot;:{&quot;1&quot;:0},&quot;12&quot;:0}\">Measures:\u00a0 lenght 48 cm x width 17 cm x height 35 cm<\/span><\/p>\n<p>Heigth of the shoulder strap from bag: 62cm<\/p>\n<p><span data-sheets-value=\"{&quot;1&quot;:2,&quot;2&quot;:&quot;Materjal: Meie arvutikottide loomisel on kasutatud kohaliku m\u00f6\u00f6blit\u00f6\u00f6stuse erinevaid kangaj\u00e4\u00e4ke, m\u00f6\u00f6blikangas 100% PE. Nailonvooder.&quot;}\" data-sheets-userformat=\"{&quot;2&quot;:769,&quot;3&quot;:{&quot;1&quot;:0},&quot;11&quot;:4,&quot;12&quot;:0}\">Material: tapestry fabric+ We are using for production different leftovers from local furniture factory, 100% PE<\/span><\/p>\n<p><span data-sheets-value=\"{&quot;1&quot;:2,&quot;2&quot;:&quot;De la Rose Anni- kotid on k\u00f5ik unikaalsed nind 100% Eesti k\u00e4sit\u00f6\u00f6&quot;}\" data-sheets-userformat=\"{&quot;2&quot;:769,&quot;3&quot;:{&quot;1&quot;:0},&quot;11&quot;:4,&quot;12&quot;:0}\">De la Rose bags are all unique and 100% handmade<\/span><\/p>","protected":false},"excerpt":{"rendered":"<p>Weekender Paula- Pack smart and travel light!<\/p>\n<p>Stylish, spacious and ready for adventure!<\/p>\n<p>&nbsp;<\/p>\n<p>&nbsp;<\/p>\n","protected":false},"featured_media":9764,"template":"","meta":{"_monsterinsights_skip_tracking":false,"_monsterinsights_sitenote_active":false,"_monsterinsights_sitenote_note":"","_monsterinsights_sitenote_category":0},"product_brand":[],"product_cat":[234,247],"product_tag":[246],"class_list":{"0":"post-9772","1":"product","2":"type-product","3":"status-publish","4":"has-post-thumbnail","6":"product_cat-other-bags","7":"product_cat-puhkusekott","8":"product_tag-weekend-bag","9":"pa_varvitoonid-tumesinine","10":"pa_varvitoonid-valge","12":"first","13":"onbackorder","14":"shipping-taxable","15":"purchasable","16":"product-type-simple"},"_links":{"self":[{"href":"https:\/\/delarose.ee\/en\/wp-json\/wp\/v2\/product\/9772","targetHints":{"allow":["GET"]}}],"collection":[{"href":"https:\/\/delarose.ee\/en\/wp-json\/wp\/v2\/product"}],"about":[{"href":"https:\/\/delarose.ee\/en\/wp-json\/wp\/v2\/types\/product"}],"wp:featuredmedia":[{"embeddable":true,"href":"https:\/\/delarose.ee\/en\/wp-json\/wp\/v2\/media\/9764"}],"wp:attachment":[{"href":"https:\/\/delarose.ee\/en\/wp-json\/wp\/v2\/media?parent=9772"}],"wp:term":[{"taxonomy":"product_brand","embeddable":true,"href":"https:\/\/delarose.ee\/en\/wp-json\/wp\/v2\/product_brand?post=9772"},{"taxonomy":"product_cat","embeddable":true,"href":"https:\/\/delarose.ee\/en\/wp-json\/wp\/v2\/product_cat?post=9772"},{"taxonomy":"product_tag","embeddable":true,"href":"https:\/\/delarose.ee\/en\/wp-json\/wp\/v2\/product_tag?post=9772"}],"curies":[{"name":"wp","href":"https:\/\/api.w.org\/{rel}","templated":true}]}}