{"id":9523,"date":"2025-01-30T21:10:00","date_gmt":"2025-01-30T19:10:00","guid":{"rendered":"https:\/\/delarose.ee\/?post_type=product&#038;p=9523"},"modified":"2025-01-30T21:20:28","modified_gmt":"2025-01-30T19:20:28","slug":"suur-saunakott","status":"publish","type":"product","link":"https:\/\/delarose.ee\/en\/toode\/suur-saunakott\/","title":{"rendered":"Large Sauna-bag"},"content":{"rendered":"<p>Large Sauna-bag is really spacy and strong bag!<\/p>\n<ul>\n<li>Fits several saunatowels and washing bottles<\/li>\n<li>You can carry it either in hand or on shoulder<\/li>\n<li>Handstraps are reinforsed with cross-stitching- fits and carry&#8217;s a lot!<\/li>\n<li>Open pocket in fornt and zipper pocket inside<\/li>\n<li>Bottom is strenghtened<\/li>\n<li>Zipper closure<\/li>\n<\/ul>\n<p>Maintenance- you can wash your bag in washing machine, on 30degrees, if needed. Please use washing bag- delicate washing powder and soft program<\/p>\n<p><span data-sheets-value=\"{&quot;1&quot;:2,&quot;2&quot;:&quot;M\u00f5\u00f5dud: L37 x K26 x S7 cm&quot;}\" data-sheets-userformat=\"{&quot;2&quot;:513,&quot;3&quot;:{&quot;1&quot;:0},&quot;12&quot;:0}\">Measures: Width\u00a0 (top) 54cm \/bottom 37 cm; Height 40cm;\u00a0 Deep\u00a0 28cm<\/span><\/p>\n<p>Heigth of the shoulder strap from bag: 27cm<\/p>\n<p><span data-sheets-value=\"{&quot;1&quot;:2,&quot;2&quot;:&quot;Materjal: Meie arvutikottide loomisel on kasutatud kohaliku m\u00f6\u00f6blit\u00f6\u00f6stuse erinevaid kangaj\u00e4\u00e4ke, m\u00f6\u00f6blikangas 100% PE. Nailonvooder.&quot;}\" data-sheets-userformat=\"{&quot;2&quot;:769,&quot;3&quot;:{&quot;1&quot;:0},&quot;11&quot;:4,&quot;12&quot;:0}\">Material: We are using for production different leftovers from local furniture factory, 100% PE<\/span><\/p>\n<p><span data-sheets-value=\"{&quot;1&quot;:2,&quot;2&quot;:&quot;De la Rose Anni- kotid on k\u00f5ik unikaalsed nind 100% Eesti k\u00e4sit\u00f6\u00f6&quot;}\" data-sheets-userformat=\"{&quot;2&quot;:769,&quot;3&quot;:{&quot;1&quot;:0},&quot;11&quot;:4,&quot;12&quot;:0}\">De la Rose bags are all unique and 100% handmade<\/span><\/p>","protected":false},"excerpt":{"rendered":"<p>Warmly recommended bag for sauna- visit! Fits full family sauna-towels and washbottles!<\/p>\n<p>Also comfortable travel bag.<\/p>\n<p>&nbsp;<\/p>\n<p>&nbsp;<\/p>\n","protected":false},"featured_media":9524,"template":"","meta":{"_monsterinsights_skip_tracking":false,"_monsterinsights_sitenote_active":false,"_monsterinsights_sitenote_note":"","_monsterinsights_sitenote_category":0},"product_brand":[],"product_cat":[234,244],"product_tag":[],"class_list":{"0":"post-9523","1":"product","2":"type-product","3":"status-publish","4":"has-post-thumbnail","6":"product_cat-other-bags","7":"product_cat-suur-saunakott","8":"pa_varvitoonid-must","9":"pa_varvitoonid-tumehall","11":"first","12":"instock","13":"shipping-taxable","14":"purchasable","15":"product-type-simple"},"_links":{"self":[{"href":"https:\/\/delarose.ee\/en\/wp-json\/wp\/v2\/product\/9523","targetHints":{"allow":["GET"]}}],"collection":[{"href":"https:\/\/delarose.ee\/en\/wp-json\/wp\/v2\/product"}],"about":[{"href":"https:\/\/delarose.ee\/en\/wp-json\/wp\/v2\/types\/product"}],"wp:featuredmedia":[{"embeddable":true,"href":"https:\/\/delarose.ee\/en\/wp-json\/wp\/v2\/media\/9524"}],"wp:attachment":[{"href":"https:\/\/delarose.ee\/en\/wp-json\/wp\/v2\/media?parent=9523"}],"wp:term":[{"taxonomy":"product_brand","embeddable":true,"href":"https:\/\/delarose.ee\/en\/wp-json\/wp\/v2\/product_brand?post=9523"},{"taxonomy":"product_cat","embeddable":true,"href":"https:\/\/delarose.ee\/en\/wp-json\/wp\/v2\/product_cat?post=9523"},{"taxonomy":"product_tag","embeddable":true,"href":"https:\/\/delarose.ee\/en\/wp-json\/wp\/v2\/product_tag?post=9523"}],"curies":[{"name":"wp","href":"https:\/\/api.w.org\/{rel}","templated":true}]}}