{"id":9186,"date":"2024-10-07T12:28:42","date_gmt":"2024-10-07T09:28:42","guid":{"rendered":"https:\/\/delarose.ee\/?post_type=product&#038;p=9186"},"modified":"2024-11-03T15:37:57","modified_gmt":"2024-11-03T13:37:57","slug":"ombluskoolitus-omblen-ise-trikotaazi-ja-voi-dressikangast-2","status":"publish","type":"product","link":"https:\/\/delarose.ee\/en\/toode\/ombluskoolitus-omblen-ise-trikotaazi-ja-voi-dressikangast-2\/","title":{"rendered":"(Eesti) \u00d5mbluskoolitus: \u00d5mblen ise trikotaazi ja \/v\u00f5i dressikangast.P\u00fchap\u00e4eviti, algus 03.11.2024"},"content":{"rendered":"<p class=\"qtranxs-available-languages-message qtranxs-available-languages-message-en\">Sorry, this entry is only available in <a href=\"https:\/\/delarose.ee\/et\/wp-json\/wp\/v2\/product\/9186\" class=\"qtranxs-available-language-link qtranxs-available-language-link-et\" title=\"Eesti\">Eesti<\/a>.<\/p>","protected":false},"excerpt":{"rendered":"<p class=\"qtranxs-available-languages-message qtranxs-available-languages-message-en\">Sorry, this entry is only available in <a href=\"https:\/\/delarose.ee\/et\/wp-json\/wp\/v2\/product\/9186\" class=\"qtranxs-available-language-link qtranxs-available-language-link-et\" title=\"Eesti\">Eesti<\/a>.<\/p>\n","protected":false},"featured_media":9185,"template":"","meta":{"_monsterinsights_skip_tracking":false,"_monsterinsights_sitenote_active":false,"_monsterinsights_sitenote_note":"","_monsterinsights_sitenote_category":0},"product_brand":[],"product_cat":[217,69],"product_tag":[],"class_list":{"0":"post-9186","1":"product","2":"type-product","3":"status-publish","4":"has-post-thumbnail","6":"product_cat-ombluskoolitus","7":"product_cat-aksessuaarid","9":"first","10":"outofstock","11":"shipping-taxable","12":"purchasable","13":"product-type-simple"},"_links":{"self":[{"href":"https:\/\/delarose.ee\/en\/wp-json\/wp\/v2\/product\/9186","targetHints":{"allow":["GET"]}}],"collection":[{"href":"https:\/\/delarose.ee\/en\/wp-json\/wp\/v2\/product"}],"about":[{"href":"https:\/\/delarose.ee\/en\/wp-json\/wp\/v2\/types\/product"}],"wp:featuredmedia":[{"embeddable":true,"href":"https:\/\/delarose.ee\/en\/wp-json\/wp\/v2\/media\/9185"}],"wp:attachment":[{"href":"https:\/\/delarose.ee\/en\/wp-json\/wp\/v2\/media?parent=9186"}],"wp:term":[{"taxonomy":"product_brand","embeddable":true,"href":"https:\/\/delarose.ee\/en\/wp-json\/wp\/v2\/product_brand?post=9186"},{"taxonomy":"product_cat","embeddable":true,"href":"https:\/\/delarose.ee\/en\/wp-json\/wp\/v2\/product_cat?post=9186"},{"taxonomy":"product_tag","embeddable":true,"href":"https:\/\/delarose.ee\/en\/wp-json\/wp\/v2\/product_tag?post=9186"}],"curies":[{"name":"wp","href":"https:\/\/api.w.org\/{rel}","templated":true}]}}