{"id":7656,"date":"2022-04-28T08:44:30","date_gmt":"2022-04-28T05:44:30","guid":{"rendered":"https:\/\/delarose.ee\/?post_type=product&#038;p=7656"},"modified":"2025-08-19T10:19:28","modified_gmt":"2025-08-19T07:19:28","slug":"olakott-hanna-city","status":"publish","type":"product","link":"https:\/\/delarose.ee\/en\/toode\/olakott-hanna-city\/","title":{"rendered":"Crossbody Hanna City"},"content":{"rendered":"<p>Crossbody bag hanna City:<\/p>\n<ul>\n<li>elegant, comfortable and practical<\/li>\n<li>adjustable shoulder strap<\/li>\n<li>many pockets- zipper pocket outside, inside also 1 zipper pocket + 3 small open pockets<\/li>\n<li>Zipper closure on top<\/li>\n<li>Reflector is added<\/li>\n<li>Moisture proof lining<\/li>\n<li>Bottom strenghtening<\/li>\n<\/ul>\n<p><span data-sheets-value=\"{&quot;1&quot;:2,&quot;2&quot;:&quot;De la Rose Anni- kotid on k\u00f5ik unikaalsed nind 100% Eesti k\u00e4sit\u00f6\u00f6&quot;}\" data-sheets-userformat=\"{&quot;2&quot;:769,&quot;3&quot;:{&quot;1&quot;:0},&quot;11&quot;:4,&quot;12&quot;:0}\">De la Rose Hanna City -bags are all unique and\u00a0 100%\u00a0 Estonia handmade<\/span><\/p>\n<p>Maintenance: For easy cleaning please use water, soft sponge and dishwashing liquid. For more cleaning you can wash the bag in washing machine in 30 degrees. Please use handwash program, washing bag and delicate washing liquid.<\/p>\n<p><span data-sheets-value=\"{&quot;1&quot;:2,&quot;2&quot;:&quot;Measurements: W37 x H26 x D7 cm&quot;}\" data-sheets-userformat=\"{&quot;2&quot;:2817,&quot;3&quot;:{&quot;1&quot;:0},&quot;11&quot;:4,&quot;12&quot;:0,&quot;14&quot;:[null,2,0]}\">Measurements: <\/span><span data-sheets-value=\"{&quot;1&quot;:2,&quot;2&quot;:&quot;M\u00f5\u00f5dud: L37 x K26 x S7 cm&quot;}\" data-sheets-userformat=\"{&quot;2&quot;:513,&quot;3&quot;:{&quot;1&quot;:0},&quot;12&quot;:0}\">Bottom lenght\u00a0 21 cm (on top lenght 30 cm) x bottom width 11 cm x height 24 cm<\/span><\/p>\n<p>Shoulder strap: max lenght form bag 85 cm, min lenght from bag 43 cm<\/p>\n<p><span data-sheets-value=\"{&quot;1&quot;:2,&quot;2&quot;:&quot;Material: In these bags we use different furniture fabrics, what are leftovers from industry. Nylon lining&quot;}\" data-sheets-userformat=\"{&quot;2&quot;:2817,&quot;3&quot;:{&quot;1&quot;:0},&quot;11&quot;:4,&quot;12&quot;:0,&quot;14&quot;:[null,2,0]}\">Material: for our handbags \u00a0we use different furniture fabrics, what are leftovers from local furniture industry, 100% PE. Nylon lining<\/span><\/p>","protected":false},"excerpt":{"rendered":"<p>Hanna City is lovely and practical crossbody for your city trip! Fits also 0,5l water bottle<\/p>\n<p>&nbsp;<\/p>\n","protected":false},"featured_media":9306,"template":"","meta":{"_monsterinsights_skip_tracking":false,"_monsterinsights_sitenote_active":false,"_monsterinsights_sitenote_note":"","_monsterinsights_sitenote_category":0},"product_brand":[],"product_cat":[212,70],"product_tag":[],"class_list":{"0":"post-7656","1":"product","2":"type-product","3":"status-publish","4":"has-post-thumbnail","6":"product_cat-olakott-hanna-city","7":"product_cat-olakotid","8":"pa_varvitoonid-sinepikollane","9":"pa_varvitoonid-taupe","11":"first","12":"outofstock","13":"shipping-taxable","14":"purchasable","15":"product-type-simple"},"_links":{"self":[{"href":"https:\/\/delarose.ee\/en\/wp-json\/wp\/v2\/product\/7656","targetHints":{"allow":["GET"]}}],"collection":[{"href":"https:\/\/delarose.ee\/en\/wp-json\/wp\/v2\/product"}],"about":[{"href":"https:\/\/delarose.ee\/en\/wp-json\/wp\/v2\/types\/product"}],"wp:featuredmedia":[{"embeddable":true,"href":"https:\/\/delarose.ee\/en\/wp-json\/wp\/v2\/media\/9306"}],"wp:attachment":[{"href":"https:\/\/delarose.ee\/en\/wp-json\/wp\/v2\/media?parent=7656"}],"wp:term":[{"taxonomy":"product_brand","embeddable":true,"href":"https:\/\/delarose.ee\/en\/wp-json\/wp\/v2\/product_brand?post=7656"},{"taxonomy":"product_cat","embeddable":true,"href":"https:\/\/delarose.ee\/en\/wp-json\/wp\/v2\/product_cat?post=7656"},{"taxonomy":"product_tag","embeddable":true,"href":"https:\/\/delarose.ee\/en\/wp-json\/wp\/v2\/product_tag?post=7656"}],"curies":[{"name":"wp","href":"https:\/\/api.w.org\/{rel}","templated":true}]}}