{"id":5738,"date":"2020-09-21T12:14:07","date_gmt":"2020-09-21T09:14:07","guid":{"rendered":"https:\/\/delarose.ee\/?post_type=product&#038;p=5738"},"modified":"2025-10-07T15:48:07","modified_gmt":"2025-10-07T12:48:07","slug":"kosmeetikakott-kelly-maia","status":"publish","type":"product","link":"https:\/\/delarose.ee\/en\/toode\/kosmeetikakott-kelly-maia\/","title":{"rendered":"Cosmetic bag Kelly-Maia"},"content":{"rendered":"<p><span data-sheets-value=\"{&quot;1&quot;:2,&quot;2&quot;:&quot;Kosmeetikakott Kelly on mahukas, valmistatud spetsiaalsest niiskuskindlast plastikust, mille kahe kihi vahele on asetatud efektne kangas.&quot;}\" data-sheets-userformat=\"{&quot;2&quot;:769,&quot;3&quot;:{&quot;1&quot;:0},&quot;11&quot;:4,&quot;12&quot;:0}\">Cosmetic bag Kelly-Maia is middle-size model from our Kelly-bag series. Differently from Kelly this model has PVC plastic outside and inside, what makes bag moisture proof.<\/span><\/p>\n<p>Kelly-Maia is big enough to fit your everyday cosmetics. So, if you need suitable pouch for your handbag to carry on, Kelly-Maia is perfect solution. Due to moisture proof and plastic it keeps your belongings safe, if any accident happens inside bag.<\/p>\n<p>You can clean easily bag with wet cloth, if necessary.<\/p>\n<p>As to our spaa-bags, also Kelly-Maia has efect fabric between two layers of PVC plastic. We added to bag also a hand-strap, so you culd use the bag also as wallet\/small handbag\/phone holder<\/p>\n<p>There are no seprate pockets inside bag.<\/p>\n<p>De la Rose bags are all 100% handmade and unique<\/p>\n<p><span data-sheets-value=\"{&quot;1&quot;:2,&quot;2&quot;:&quot;M\u00f5\u00f5dud: 24x19x10 cm&quot;}\" data-sheets-userformat=\"{&quot;2&quot;:513,&quot;3&quot;:{&quot;1&quot;:0},&quot;12&quot;:0}\">Measurements: width 21cm x height 14cm x bottom deep 7cm<\/span><\/p>\n<p><span data-sheets-value=\"{&quot;1&quot;:2,&quot;2&quot;:&quot;Materjal: 100% PVC ehk niiskuskindel materjal.&quot;}\" data-sheets-userformat=\"{&quot;2&quot;:513,&quot;3&quot;:{&quot;1&quot;:0},&quot;12&quot;:0}\">Materjal: 100% PVC\u00a0 i.e. moisture proof material<\/span><\/p>\n<p>Our aim in creating beautifl moisture proof bags is to reduce using one-time plastic bags.<\/p>\n<p>Meie eesm\u00e4rk kaunite niiskuskindlate kottide valmistamisel on v\u00e4hendada \u00fchekordsete kilekottide kasutamist<\/p>","protected":false},"excerpt":{"rendered":"<p>Beautfil home for your cosmetics!<\/p>\n<p>Kelly-Maia is perfect size for your handbag and everyday cosmetics. Made in same principle as our spaa-bags, so it is moisture proof.<\/p>\n","protected":false},"featured_media":9901,"template":"","meta":{"_monsterinsights_skip_tracking":false,"_monsterinsights_sitenote_active":false,"_monsterinsights_sitenote_note":"","_monsterinsights_sitenote_category":0},"product_brand":[],"product_cat":[66,162],"product_tag":[],"class_list":{"0":"post-5738","1":"product","2":"type-product","3":"status-publish","4":"has-post-thumbnail","6":"product_cat-kosmeetikakotid","7":"product_cat-kosmeetikakott-kelly-maia","8":"pa_varvitoonid-lilleline","9":"pa_varvitoonid-sinine","11":"first","12":"instock","13":"shipping-taxable","14":"purchasable","15":"product-type-simple"},"_links":{"self":[{"href":"https:\/\/delarose.ee\/en\/wp-json\/wp\/v2\/product\/5738","targetHints":{"allow":["GET"]}}],"collection":[{"href":"https:\/\/delarose.ee\/en\/wp-json\/wp\/v2\/product"}],"about":[{"href":"https:\/\/delarose.ee\/en\/wp-json\/wp\/v2\/types\/product"}],"wp:featuredmedia":[{"embeddable":true,"href":"https:\/\/delarose.ee\/en\/wp-json\/wp\/v2\/media\/9901"}],"wp:attachment":[{"href":"https:\/\/delarose.ee\/en\/wp-json\/wp\/v2\/media?parent=5738"}],"wp:term":[{"taxonomy":"product_brand","embeddable":true,"href":"https:\/\/delarose.ee\/en\/wp-json\/wp\/v2\/product_brand?post=5738"},{"taxonomy":"product_cat","embeddable":true,"href":"https:\/\/delarose.ee\/en\/wp-json\/wp\/v2\/product_cat?post=5738"},{"taxonomy":"product_tag","embeddable":true,"href":"https:\/\/delarose.ee\/en\/wp-json\/wp\/v2\/product_tag?post=5738"}],"curies":[{"name":"wp","href":"https:\/\/api.w.org\/{rel}","templated":true}]}}