{"id":10500,"date":"2026-04-19T10:41:19","date_gmt":"2026-04-19T07:41:19","guid":{"rendered":"https:\/\/delarose.ee\/?post_type=product&#038;p=10500"},"modified":"2026-04-19T15:49:03","modified_gmt":"2026-04-19T12:49:03","slug":"holmik-kittel-kati","status":"publish","type":"product","link":"https:\/\/delarose.ee\/en\/toode\/holmik-kittel-kati\/","title":{"rendered":"Retro wrap dress  KATI"},"content":{"rendered":"<p>Wrap dress Kati- like finding it in grandma&#8217;s closet or among carefully kept fabris treasures! Actually it\u00a0 feels so ! \ud83d\ude42<\/p>\n<ul>\n<li>100% cotton<\/li>\n<li>timeless retro pattern\/cut<\/li>\n<li>belt threaded through the wrap<\/li>\n<li>comfortable pockets<\/li>\n<li>every dress is unique<\/li>\n<\/ul>\n<p>Wrap dress is made from 100% cotton vintage-style fabric, each piece with its own story. Every fabric brings a touch of nostalgia and joy from times gone by.<\/p>\n<p>The timeless cut\/patterns fots comfotably on you and highlights the waist just as much as needed. Wearing it is made even more comfortable by the wrap-style design: the belt is threaded through the right side, helping the garment stay nicely in place. And of course- pockets are must!<\/p>\n<p>Wrap\u00a0 dress is perfect to stylish your days at home, gardening works or for a relaxed stroll to a summer gathering. Comfortable, carefree and unique for every occasion!<\/p>\n<p>Each dress image includes the original garment&#8217;s bust measurement, approximate size and total lenght. A separate product number is also provided . when ordering, please include the product number of the wrap dress in the notes.<\/p>\n<p>The gown is made in collaboration with Kati K\u00e4sit\u00f6\u00f6tuba.<\/p>\n<p>Machine washable at 40 degrees.<\/p>\n<p>Material: 100% cotton retro fabric<\/p>","protected":false},"excerpt":{"rendered":"<p>Comfortable and unique retrostyle wrap-dress!<\/p>\n<p>&nbsp;<\/p>\n","protected":false},"featured_media":10507,"template":"","meta":{"_monsterinsights_skip_tracking":false,"_monsterinsights_sitenote_active":false,"_monsterinsights_sitenote_note":"","_monsterinsights_sitenote_category":0},"product_brand":[],"product_cat":[254,69],"product_tag":[],"class_list":{"0":"post-10500","1":"product","2":"type-product","3":"status-publish","4":"has-post-thumbnail","6":"product_cat-riietus-aksessuaarid","7":"product_cat-aksessuaarid","8":"pa_varvitoonid-varia","10":"first","11":"instock","12":"shipping-taxable","13":"purchasable","14":"product-type-simple"},"_links":{"self":[{"href":"https:\/\/delarose.ee\/en\/wp-json\/wp\/v2\/product\/10500","targetHints":{"allow":["GET"]}}],"collection":[{"href":"https:\/\/delarose.ee\/en\/wp-json\/wp\/v2\/product"}],"about":[{"href":"https:\/\/delarose.ee\/en\/wp-json\/wp\/v2\/types\/product"}],"wp:featuredmedia":[{"embeddable":true,"href":"https:\/\/delarose.ee\/en\/wp-json\/wp\/v2\/media\/10507"}],"wp:attachment":[{"href":"https:\/\/delarose.ee\/en\/wp-json\/wp\/v2\/media?parent=10500"}],"wp:term":[{"taxonomy":"product_brand","embeddable":true,"href":"https:\/\/delarose.ee\/en\/wp-json\/wp\/v2\/product_brand?post=10500"},{"taxonomy":"product_cat","embeddable":true,"href":"https:\/\/delarose.ee\/en\/wp-json\/wp\/v2\/product_cat?post=10500"},{"taxonomy":"product_tag","embeddable":true,"href":"https:\/\/delarose.ee\/en\/wp-json\/wp\/v2\/product_tag?post=10500"}],"curies":[{"name":"wp","href":"https:\/\/api.w.org\/{rel}","templated":true}]}}