{"id":10464,"date":"2026-04-01T12:05:56","date_gmt":"2026-04-01T09:05:56","guid":{"rendered":"https:\/\/delarose.ee\/?post_type=product&#038;p=10464"},"modified":"2026-04-01T12:15:02","modified_gmt":"2026-04-01T09:15:02","slug":"satsiga-sitsikleit-suvi","status":"publish","type":"product","link":"https:\/\/delarose.ee\/en\/toode\/satsiga-sitsikleit-suvi\/","title":{"rendered":"Ruffled cotton dress SUVI"},"content":{"rendered":"<p>Satsiga sitsikleit Suvi on valmistatud kehas\u00f5bralikust ja h\u00e4sti hingavast puuvillasest retrokangast. Kangast, mida keegi on hoidnud oma kapis aastak\u00fcmneid- anname neile kangastele uue elu ainukordsete suvekleitide n\u00e4ol!<\/p>\n<p>Sitsikleidiga Suvi saad nautida sooja suve, ilma et keha hakkaks kohe higistama. Samuti on selline pikk kleit hea jahutaja, kuna liigub k\u00f5ndides \u00fcmber jalgade. Peame ka \u00fctlema, et on samuti hea s\u00e4\u00e4sepeletaja \u00f5htustel kontserditel v\u00f5i s\u00f5pradega koosviibimistel v\u00f5i lihtsalt aias olemiseks. Kindlasti soovitame kleiti ka mitmep\u00e4evasteks festivalideks- n\u00e4iteks folgid, kus tuleb palju liikuda ja kohati istuda mitte just p\u00e4ris pinkidel.<\/p>\n<p>T\u00e4nu kvaliteetsetele materjalidele peab sinu kleit vastu kindlasti mitu-mitu suve!<\/p>\n<p>K\u00f5ik kangad on eelnevalt pestud, et v\u00e4ltida hilisemat kokkut\u00f5mbamist.\u00a0 M\u00f5nel kleidil on lisatud ka puuvillast, linast v\u00f5i broderiipitsi, et kleiti veel efektsemaks muuta.\u00a0 Kleidil on piisavalt pikk v\u00f6\u00f6, mis annab kleidikandjale kauni figuuri, V\u00f6\u00f6 saad siduda nii taha kui ette- kuidas soovid.<\/p>\n<p>K\u00f5ik satsikleidid on ainukordsed ja valmistame sellest kangast, mida meil parasjagu saada on.\u00a0 Kindlasti on meie stuudiopoes Lossi 9, Viljandi, saadaval suurem valik, kui siin veebopoes \u00fcles suudame pidlistada. Astu l\u00e4bi ja proovi!<\/p>\n<p>Lisame ka suuruste m\u00f5\u00f5tude tabeli, mida kastuame kleitide valmistamisel<\/p>\n<p><img loading=\"lazy\" decoding=\"async\" class=\"alignnone size-full wp-image-6542\" src=\"https:\/\/delarose.ee\/wp-content\/uploads\/2021\/01\/0826DAEE-2423-4F7B-8808-CC5E39319C77_4_5005_c.jpeg\" alt=\"Kleitide suuruste m\u00f5\u00f5tude kirjeldus\" width=\"782\" height=\"233\" srcset=\"https:\/\/delarose.ee\/wp-content\/uploads\/2021\/01\/0826DAEE-2423-4F7B-8808-CC5E39319C77_4_5005_c.jpeg 782w, https:\/\/delarose.ee\/wp-content\/uploads\/2021\/01\/0826DAEE-2423-4F7B-8808-CC5E39319C77_4_5005_c-300x89.jpeg 300w, https:\/\/delarose.ee\/wp-content\/uploads\/2021\/01\/0826DAEE-2423-4F7B-8808-CC5E39319C77_4_5005_c-768x229.jpeg 768w, https:\/\/delarose.ee\/wp-content\/uploads\/2021\/01\/0826DAEE-2423-4F7B-8808-CC5E39319C77_4_5005_c-600x179.jpeg 600w\" sizes=\"auto, (max-width: 782px) 100vw, 782px\" \/><\/p>\n<p>Kleit on pestav 40 kraadi\u00a0 juures ja palun arvesta ka, et peale pesu on hea kleiti ka triikida.<\/p>\n<p>Materjal: 100% puuvillane retrokangaskangas.<\/p>\n<p>&nbsp;<\/p>\n","protected":false},"excerpt":{"rendered":"<p>Satsiga sitsikleit Suvi on efektne, kehas\u00f5bralik ja mugav kaaslane kogu suveks! K\u00f5ik kleidid on ainulaadsed- valmistatud n\u00f5ukaaegsetest 100% puuvillastest retrokangastest<\/p>\n<p>K\u00fclasta stiilselt festivale, kontserte, s\u00f5pru v\u00f5i kasuta igap\u00e4evaselt- oled alati stiilne!<\/p>\n<p>Nr. 38<\/p>\n<p>\u00dcldpikkus; 133cm<\/p>\n","protected":false},"featured_media":10457,"template":"","meta":{"_monsterinsights_skip_tracking":false,"_monsterinsights_sitenote_active":false,"_monsterinsights_sitenote_note":"","_monsterinsights_sitenote_category":0},"product_brand":[],"product_cat":[254,69],"product_tag":[],"class_list":{"0":"post-10464","1":"product","2":"type-product","3":"status-publish","4":"has-post-thumbnail","6":"product_cat-riietus-aksessuaarid","7":"product_cat-aksessuaarid","8":"pa_varvitoonid-lilla","10":"first","11":"instock","12":"shipping-taxable","13":"purchasable","14":"product-type-simple"},"_links":{"self":[{"href":"https:\/\/delarose.ee\/en\/wp-json\/wp\/v2\/product\/10464","targetHints":{"allow":["GET"]}}],"collection":[{"href":"https:\/\/delarose.ee\/en\/wp-json\/wp\/v2\/product"}],"about":[{"href":"https:\/\/delarose.ee\/en\/wp-json\/wp\/v2\/types\/product"}],"wp:featuredmedia":[{"embeddable":true,"href":"https:\/\/delarose.ee\/en\/wp-json\/wp\/v2\/media\/10457"}],"wp:attachment":[{"href":"https:\/\/delarose.ee\/en\/wp-json\/wp\/v2\/media?parent=10464"}],"wp:term":[{"taxonomy":"product_brand","embeddable":true,"href":"https:\/\/delarose.ee\/en\/wp-json\/wp\/v2\/product_brand?post=10464"},{"taxonomy":"product_cat","embeddable":true,"href":"https:\/\/delarose.ee\/en\/wp-json\/wp\/v2\/product_cat?post=10464"},{"taxonomy":"product_tag","embeddable":true,"href":"https:\/\/delarose.ee\/en\/wp-json\/wp\/v2\/product_tag?post=10464"}],"curies":[{"name":"wp","href":"https:\/\/api.w.org\/{rel}","templated":true}]}}