{"id":10136,"date":"2025-11-02T08:40:52","date_gmt":"2025-11-02T06:40:52","guid":{"rendered":"https:\/\/delarose.ee\/?post_type=product&#038;p=10136"},"modified":"2026-02-13T10:48:13","modified_gmt":"2026-02-13T08:48:13","slug":"olakott-margit-3","status":"publish","type":"product","link":"https:\/\/delarose.ee\/en\/toode\/olakott-margit-3\/","title":{"rendered":"Shoulder bag Margit"},"content":{"rendered":"<p>Shoulder bag Margit is the perfect blend of style and utility. This beautiful, large shoulder bag features a comfortable single strap and is crafted from a rich, textured fabric. It closes securely with a magnetic fastener and comes complete with a matching small, removable pouch and three internal pockets for effortless organization. A chic and practical duo for daily use.<\/p>\n<ul>\n<li>\u00a0Use the large sling bag for work, shopping, or travel, and the small pouch for quick grab-and-go essentials.<\/li>\n<li>Quality Craftsmanship: Designed for durability and daily use while maintaining an effortlessly chic aesthetic.<\/li>\n<\/ul>\n<p><span data-sheets-value=\"{&quot;1&quot;:2,&quot;2&quot;:&quot;De la Rose Anni- kotid on k\u00f5ik unikaalsed nind 100% Eesti k\u00e4sit\u00f6\u00f6&quot;}\" data-sheets-userformat=\"{&quot;2&quot;:769,&quot;3&quot;:{&quot;1&quot;:0},&quot;11&quot;:4,&quot;12&quot;:0}\">De la Rose Margit-bags are all unique and 100% handmade.<\/span><\/p>\n<p><span data-sheets-value=\"{&quot;1&quot;:2,&quot;2&quot;:&quot;Arvutkotti v\u00f5ib pesta 30 kraadi juures&quot;}\" data-sheets-userformat=\"{&quot;2&quot;:513,&quot;3&quot;:{&quot;1&quot;:0},&quot;12&quot;:0}\">You can wash the bag delicately on cold water. Please use delicate detergant too.<\/span><\/p>\n<p><span data-sheets-value=\"{&quot;1&quot;:2,&quot;2&quot;:&quot;M\u00f5\u00f5dud: L37 x K26 x S7 cm&quot;}\" data-sheets-userformat=\"{&quot;2&quot;:513,&quot;3&quot;:{&quot;1&quot;:0},&quot;12&quot;:0}\">Measurements: bottom width 36cm, depth 10 cm<\/span><\/p>\n<p>Height of the bag: 68 cm , V-line opening height: 36 cm<\/p>","protected":false},"excerpt":{"rendered":"<p>Versatile bagset Margit offers a sophisticated solution for your everyday carrying needs, blending a beautiful, textured main bag with essential organizational features.<\/p>\n<p>&nbsp;<\/p>\n<p>&nbsp;<\/p>\n","protected":false},"featured_media":10126,"template":"","meta":{"_monsterinsights_skip_tracking":false,"_monsterinsights_sitenote_active":false,"_monsterinsights_sitenote_note":"","_monsterinsights_sitenote_category":0},"product_brand":[],"product_cat":[251,70],"product_tag":[],"class_list":{"0":"post-10136","1":"product","2":"type-product","3":"status-publish","4":"has-post-thumbnail","6":"product_cat-olakott-margit","7":"product_cat-olakotid","8":"pa_varvitoonid-helelilla","10":"first","11":"instock","12":"shipping-taxable","13":"purchasable","14":"product-type-simple"},"_links":{"self":[{"href":"https:\/\/delarose.ee\/en\/wp-json\/wp\/v2\/product\/10136","targetHints":{"allow":["GET"]}}],"collection":[{"href":"https:\/\/delarose.ee\/en\/wp-json\/wp\/v2\/product"}],"about":[{"href":"https:\/\/delarose.ee\/en\/wp-json\/wp\/v2\/types\/product"}],"wp:featuredmedia":[{"embeddable":true,"href":"https:\/\/delarose.ee\/en\/wp-json\/wp\/v2\/media\/10126"}],"wp:attachment":[{"href":"https:\/\/delarose.ee\/en\/wp-json\/wp\/v2\/media?parent=10136"}],"wp:term":[{"taxonomy":"product_brand","embeddable":true,"href":"https:\/\/delarose.ee\/en\/wp-json\/wp\/v2\/product_brand?post=10136"},{"taxonomy":"product_cat","embeddable":true,"href":"https:\/\/delarose.ee\/en\/wp-json\/wp\/v2\/product_cat?post=10136"},{"taxonomy":"product_tag","embeddable":true,"href":"https:\/\/delarose.ee\/en\/wp-json\/wp\/v2\/product_tag?post=10136"}],"curies":[{"name":"wp","href":"https:\/\/api.w.org\/{rel}","templated":true}]}}